{"id":63,"date":"2025-10-31T12:13:57","date_gmt":"2025-10-31T12:13:57","guid":{"rendered":"https:\/\/skandinav.lifi.pt\/?page_id=63"},"modified":"2026-03-15T11:47:08","modified_gmt":"2026-03-15T11:47:08","slug":"kontakta-oss","status":"publish","type":"page","link":"https:\/\/portimaoskandinaverna.com\/index.php\/kontakta-oss\/","title":{"rendered":"Kontakta oss"},"content":{"rendered":"\n<h2 class=\"wp-block-heading\">Kontakt<\/h2>\n\n\n\n<figure class=\"wp-block-image\"><img decoding=\"async\" src=\"https:\/\/www.portimaoskandinaverna.com\/images\/2021\/Kontakt1.jpg\" alt=\"Kontakt1\"\/><\/figure>\n\n\n\n<figure class=\"wp-block-table\"><table class=\"has-fixed-layout\"><tbody><tr><td>\u00a0\u00a0<strong>Kontakt &amp; Medlemskap:<\/strong>S\u00e4nd oss g\u00e4rna dina uppgifter till oss,<br>s\u00e5 l\u00e4gger vi till er i v\u00e5rt register f\u00f6r framtida utskick.<br>Vi vill g\u00e4rna h\u00f6ra av er om ni har ide\u00e9r eller tankar,<br>om vad vi g\u00f6r eller kan g\u00f6ra b\u00e4ttre,<br>alternativt initiera nya aktiviteter som<br>f\u00f6r oss samman socialt och kanske<br>lite motion i till\u00e4gg.E-mail till administrat\u00f6ren:\u00a0<a href=\"mailto:admin@portimaoskandinaverna.com\">jan.vango@gmail.com<\/a><\/td><td><strong>Arbetsgruppens medlemmar:<\/strong><br>Camilla Nehler<br>(<a href=\"mailto:camillanehler1@gmail.com\">camillanehler1@gmail.com<\/a>)<br><br>Mimmi Lilja Davidsson (<a href=\"mailto:maivor.lilja@gmail.com\">maivor.lilja@gmail.com<\/a>)<br><br>Jan V\u00e5ng\u00f6 (Web master) (<a href=\"mailto:jan.vango@gmail.com\">jan.vango@gmail.com<\/a>)<br><br>Christina Levenius<br>(<a href=\"mailto:levenius@gmail.com\">levenius@gmail.com<\/a>)<br><br>Catarina Flenhagen<br>(<a href=\"mailto:catarina@flenhagen.se\">catarina@flenhagen.se<\/a>)<\/td><\/tr><\/tbody><\/table><\/figure>\n","protected":false},"excerpt":{"rendered":"<p>Kontakt \u00a0\u00a0Kontakt &amp; Medlemskap:S\u00e4nd oss g\u00e4rna dina uppgifter till oss,s\u00e5 l\u00e4gger vi till er i v\u00e5rt register f\u00f6r framtida utskick.Vi vill g\u00e4rna h\u00f6ra av er om ni har ide\u00e9r eller tankar,om vad vi g\u00f6r&#46;&#46;&#46;<\/p>\n","protected":false},"author":1,"featured_media":0,"parent":0,"menu_order":0,"comment_status":"closed","ping_status":"closed","template":"","meta":{"footnotes":""},"class_list":["post-63","page","type-page","status-publish","hentry"],"_links":{"self":[{"href":"https:\/\/portimaoskandinaverna.com\/index.php\/wp-json\/wp\/v2\/pages\/63","targetHints":{"allow":["GET"]}}],"collection":[{"href":"https:\/\/portimaoskandinaverna.com\/index.php\/wp-json\/wp\/v2\/pages"}],"about":[{"href":"https:\/\/portimaoskandinaverna.com\/index.php\/wp-json\/wp\/v2\/types\/page"}],"author":[{"embeddable":true,"href":"https:\/\/portimaoskandinaverna.com\/index.php\/wp-json\/wp\/v2\/users\/1"}],"replies":[{"embeddable":true,"href":"https:\/\/portimaoskandinaverna.com\/index.php\/wp-json\/wp\/v2\/comments?post=63"}],"version-history":[{"count":5,"href":"https:\/\/portimaoskandinaverna.com\/index.php\/wp-json\/wp\/v2\/pages\/63\/revisions"}],"predecessor-version":[{"id":127,"href":"https:\/\/portimaoskandinaverna.com\/index.php\/wp-json\/wp\/v2\/pages\/63\/revisions\/127"}],"wp:attachment":[{"href":"https:\/\/portimaoskandinaverna.com\/index.php\/wp-json\/wp\/v2\/media?parent=63"}],"curies":[{"name":"wp","href":"https:\/\/api.w.org\/{rel}","templated":true}]}}