{"id":61,"date":"2025-10-31T12:13:34","date_gmt":"2025-10-31T12:13:34","guid":{"rendered":"https:\/\/skandinav.lifi.pt\/?page_id=61"},"modified":"2026-02-18T23:00:28","modified_gmt":"2026-02-18T23:00:28","slug":"traffpunkter","status":"publish","type":"page","link":"https:\/\/portimaoskandinaverna.com\/index.php\/traffpunkter\/","title":{"rendered":"Tr\u00e4ffpunkter"},"content":{"rendered":"\n<h2 class=\"wp-block-heading has-large-font-size\">Tr\u00e4ffpunkter<\/h2>\n\n\n\n<p>Ta chansen att tr\u00e4ffa andra Nordbor d\u00e4r du bl a kan l\u00e4ra k\u00e4nna nya v\u00e4nner och utbyta erfarenheter.<\/p>\n\n\n\n<p>Vi m\u00f6ts p\u00e5 nedan platser:<\/p>\n\n\n\n<p class=\"has-large-font-size\"><strong>PORTIMAO<\/strong><\/p>\n\n\n\n<figure class=\"wp-block-image\"><img decoding=\"async\" src=\"https:\/\/www.portimaoskandinaverna.com\/images\/2022\/Casa_Inglesa.jpg\" alt=\"Casa Inglesa\"\/><\/figure>\n\n\n\n<p>Var: Casa Inglesa<\/p>\n\n\n\n<p>N\u00e4r: Tisdagar 11:00<\/p>\n\n\n\n<p class=\"has-large-font-size\"><strong>FERRAGUDO<\/strong><\/p>\n\n\n\n<figure class=\"wp-block-image\"><img decoding=\"async\" src=\"https:\/\/www.portimaoskandinaverna.com\/images\/2022\/FB_IMG_1666076849418.jpg\" alt=\"FB IMG 1666076849418\"\/><\/figure>\n\n\n\n<p>Var: Eden Bar<\/p>\n\n\n\n<p>N\u00e4r: Onsdagar 17:00<\/p>\n\n\n\n<p class=\"has-large-font-size\"><strong>Alvor<br><\/strong><\/p>\n\n\n\n<figure class=\"wp-block-image size-full is-resized\"><img loading=\"lazy\" decoding=\"async\" width=\"561\" height=\"560\" src=\"https:\/\/skandinav.lifi.pt\/wp-content\/uploads\/2025\/11\/image.png\" alt=\"\" class=\"wp-image-82\" style=\"aspect-ratio:1.0018099104828058;width:186px;height:auto\" srcset=\"https:\/\/portimaoskandinaverna.com\/wp-content\/uploads\/2025\/11\/image.png 561w, https:\/\/portimaoskandinaverna.com\/wp-content\/uploads\/2025\/11\/image-300x300.png 300w, https:\/\/portimaoskandinaverna.com\/wp-content\/uploads\/2025\/11\/image-150x150.png 150w, https:\/\/portimaoskandinaverna.com\/wp-content\/uploads\/2025\/11\/image-80x80.png 80w, https:\/\/portimaoskandinaverna.com\/wp-content\/uploads\/2025\/11\/image-320x320.png 320w\" sizes=\"auto, (max-width: 561px) 100vw, 561px\" \/><\/figure>\n\n\n\n<p>Var:&nbsp;Eden, Alvor&nbsp;<\/p>\n\n\n\n<p>N\u00e4r: Fredagar 17:00<\/p>\n\n\n\n<p><\/p>\n","protected":false},"excerpt":{"rendered":"<p>Tr\u00e4ffpunkter Ta chansen att tr\u00e4ffa andra Nordbor d\u00e4r du bl a kan l\u00e4ra k\u00e4nna nya v\u00e4nner och utbyta erfarenheter. Vi m\u00f6ts p\u00e5 nedan platser: PORTIMAO Var: Casa Inglesa N\u00e4r: Tisdagar 11:00 FERRAGUDO Var: Eden&#46;&#46;&#46;<\/p>\n","protected":false},"author":1,"featured_media":0,"parent":0,"menu_order":0,"comment_status":"closed","ping_status":"closed","template":"","meta":{"footnotes":""},"class_list":["post-61","page","type-page","status-publish","hentry"],"_links":{"self":[{"href":"https:\/\/portimaoskandinaverna.com\/index.php\/wp-json\/wp\/v2\/pages\/61","targetHints":{"allow":["GET"]}}],"collection":[{"href":"https:\/\/portimaoskandinaverna.com\/index.php\/wp-json\/wp\/v2\/pages"}],"about":[{"href":"https:\/\/portimaoskandinaverna.com\/index.php\/wp-json\/wp\/v2\/types\/page"}],"author":[{"embeddable":true,"href":"https:\/\/portimaoskandinaverna.com\/index.php\/wp-json\/wp\/v2\/users\/1"}],"replies":[{"embeddable":true,"href":"https:\/\/portimaoskandinaverna.com\/index.php\/wp-json\/wp\/v2\/comments?post=61"}],"version-history":[{"count":3,"href":"https:\/\/portimaoskandinaverna.com\/index.php\/wp-json\/wp\/v2\/pages\/61\/revisions"}],"predecessor-version":[{"id":101,"href":"https:\/\/portimaoskandinaverna.com\/index.php\/wp-json\/wp\/v2\/pages\/61\/revisions\/101"}],"wp:attachment":[{"href":"https:\/\/portimaoskandinaverna.com\/index.php\/wp-json\/wp\/v2\/media?parent=61"}],"curies":[{"name":"wp","href":"https:\/\/api.w.org\/{rel}","templated":true}]}}