{"id":26,"date":"2025-10-14T12:36:30","date_gmt":"2025-10-14T12:36:30","guid":{"rendered":"https:\/\/skandinav.lifi.pt\/?page_id=26"},"modified":"2026-02-18T23:17:05","modified_gmt":"2026-02-18T23:17:05","slug":"aktiviteter","status":"publish","type":"page","link":"https:\/\/portimaoskandinaverna.com\/index.php\/aktiviteter\/","title":{"rendered":"Aktiviteter"},"content":{"rendered":"\n<h2 class=\"wp-block-heading\">Vi \u00e4r alla aktiva p\u00e5 olika s\u00e4tt, individuellt eller i grupper.<\/h2>\n\n\n\n<p>Utan att p\u00e5 n\u00e5got vis f\u00f6rs\u00f6ka vara kompletta med alla olika aktiviteter, finner du nedan n\u00e5gra f\u00f6rslag och kontaktuppgifter om du \u00e4r intresserad.<\/p>\n\n\n\n<p>Har du n\u00e5gra id\u00e9er, maila oss g\u00e4rna dina tankar,<br>se kontaktformul\u00e4r under Kontakt.<\/p>\n\n\n\n<p><strong>Boule<\/strong><\/p>\n\n\n\n<p>Boule-g\u00e4nget h\u00e4lsar v\u00e4lkomna. Samling tisdagar&nbsp;<strong>16:00<\/strong>&nbsp;i Alvor, vid Simhallen\/Boardwalken.<br>Anm\u00e4lan beh\u00f6vs inte, utan bara kom, s\u00e5 delar vi upp och spelar med dem som kommit. Ingen kostnad.<br>Ta med egna klot (3 st per man och en liten kula, kallad lillen). Finns att k\u00f6pa p\u00e5 ex Decathlon.<br>Kontakt person: Lennart Claesson Tel. +46&nbsp;705 80 91 88<\/p>\n\n\n\n<p><strong>Portimonense Groupo Sueco<\/strong><\/p>\n\n\n\n<p>Vi som bor i och omkring Portimao har den stora f\u00f6rm\u00e5nen att ha ett lokalt fotbollslag<br>i den h\u00f6gsta Portugisiska fotbollsligan, Primeira Liga.<br>Sedan m\u00e5nga \u00e5r \u00e4r vi en grupp svenskar som haft medlemskap i klubben.<br>Vi brukar samlas p\u00e5 n\u00e5n lokal innan match f\u00f6r en matbit\/dryck f\u00f6r att sen g\u00e5 p\u00e5 fotboll tillsammans<br>p\u00e5 Portimonenses hemma-arena Estadio Municipal.<br>Du \u00e4r kanske intresserad av att ansluta till v\u00e5r grupp?<br><br>Kenneth Bostr\u00f6m p\u00e5 mailadress&nbsp;<a href=\"mailto:bostromkenn@gmail.com\">bostromkenn@gmail.com<\/a>.<\/p>\n\n\n\n<p><\/p>\n","protected":false},"excerpt":{"rendered":"<p>Vi \u00e4r alla aktiva p\u00e5 olika s\u00e4tt, individuellt eller i grupper. Utan att p\u00e5 n\u00e5got vis f\u00f6rs\u00f6ka vara kompletta med alla olika aktiviteter, finner du nedan n\u00e5gra f\u00f6rslag och kontaktuppgifter om du \u00e4r intresserad.&#46;&#46;&#46;<\/p>\n","protected":false},"author":1,"featured_media":0,"parent":0,"menu_order":0,"comment_status":"closed","ping_status":"closed","template":"","meta":{"footnotes":""},"class_list":["post-26","page","type-page","status-publish","hentry"],"_links":{"self":[{"href":"https:\/\/portimaoskandinaverna.com\/index.php\/wp-json\/wp\/v2\/pages\/26","targetHints":{"allow":["GET"]}}],"collection":[{"href":"https:\/\/portimaoskandinaverna.com\/index.php\/wp-json\/wp\/v2\/pages"}],"about":[{"href":"https:\/\/portimaoskandinaverna.com\/index.php\/wp-json\/wp\/v2\/types\/page"}],"author":[{"embeddable":true,"href":"https:\/\/portimaoskandinaverna.com\/index.php\/wp-json\/wp\/v2\/users\/1"}],"replies":[{"embeddable":true,"href":"https:\/\/portimaoskandinaverna.com\/index.php\/wp-json\/wp\/v2\/comments?post=26"}],"version-history":[{"count":4,"href":"https:\/\/portimaoskandinaverna.com\/index.php\/wp-json\/wp\/v2\/pages\/26\/revisions"}],"predecessor-version":[{"id":103,"href":"https:\/\/portimaoskandinaverna.com\/index.php\/wp-json\/wp\/v2\/pages\/26\/revisions\/103"}],"wp:attachment":[{"href":"https:\/\/portimaoskandinaverna.com\/index.php\/wp-json\/wp\/v2\/media?parent=26"}],"curies":[{"name":"wp","href":"https:\/\/api.w.org\/{rel}","templated":true}]}}